{"id":867,"date":"2018-06-21T10:25:59","date_gmt":"2018-06-21T10:25:59","guid":{"rendered":"http:\/\/stage.profil.se\/auto-com\/distributors\/"},"modified":"2019-02-08T07:53:02","modified_gmt":"2019-02-08T07:53:02","slug":"distributors","status":"publish","type":"page","link":"https:\/\/autocom.goodmen.se\/en\/distributors\/","title":{"rendered":"Distribut\u00f6rer"},"content":{"rendered":"<p>F\u00f6r prisuppgifter, support och produktinformation, kontakta din lokala distribut\u00f6r. V\u00e4lj region i listan eller klicka p\u00e5 kartan.<\/p>\n","protected":false},"excerpt":{"rendered":"<p>F\u00f6r prisuppgifter, support och produktinformation, kontakta din lokala distribut\u00f6r. V\u00e4lj region i listan eller klicka p\u00e5 kartan.<\/p>\n","protected":false},"author":1,"featured_media":0,"parent":0,"menu_order":0,"comment_status":"closed","ping_status":"closed","template":"_04_page-distribuitor.php","meta":{"footnotes":""},"class_list":["post-867","page","type-page","status-publish","hentry"],"_links":{"self":[{"href":"https:\/\/autocom.goodmen.se\/en\/wp-json\/wp\/v2\/pages\/867","targetHints":{"allow":["GET"]}}],"collection":[{"href":"https:\/\/autocom.goodmen.se\/en\/wp-json\/wp\/v2\/pages"}],"about":[{"href":"https:\/\/autocom.goodmen.se\/en\/wp-json\/wp\/v2\/types\/page"}],"author":[{"embeddable":true,"href":"https:\/\/autocom.goodmen.se\/en\/wp-json\/wp\/v2\/users\/1"}],"replies":[{"embeddable":true,"href":"https:\/\/autocom.goodmen.se\/en\/wp-json\/wp\/v2\/comments?post=867"}],"version-history":[{"count":9,"href":"https:\/\/autocom.goodmen.se\/en\/wp-json\/wp\/v2\/pages\/867\/revisions"}],"predecessor-version":[{"id":884,"href":"https:\/\/autocom.goodmen.se\/en\/wp-json\/wp\/v2\/pages\/867\/revisions\/884"}],"wp:attachment":[{"href":"https:\/\/autocom.goodmen.se\/en\/wp-json\/wp\/v2\/media?parent=867"}],"curies":[{"name":"wp","href":"https:\/\/api.w.org\/{rel}","templated":true}]}}